{"id":2539,"date":"2015-06-28T19:30:50","date_gmt":"2015-06-28T16:30:50","guid":{"rendered":"http:\/\/koddit.com\/?page_id=2539"},"modified":"2025-03-10T11:33:28","modified_gmt":"2025-03-10T08:33:28","slug":"bize-ulasin","status":"publish","type":"page","link":"https:\/\/blog.koddit.com\/en\/bize-ulasin\/","title":{"rendered":"Contact Us"},"content":{"rendered":"<h2 class=\"wp-block-heading\">For advertisement or collaboration\u2026<\/h2>\n\n\n\n<p>You can contact us at <a href=\"mailto:in**@****it.com\" data-original-string=\"1KZSUzUlLpcDTiWS08Kizg==9fdgY+n9qG2cozqpLrp9Wweng==\" title=\"This contact has been encoded by Anti-Spam by CleanTalk. Click to decode. To finish the decoding make sure that JavaScript is enabled in your browser.\"><span \n                data-original-string='nqbm2Hw3dCVVYNGD4L5mIg==9fd5PKPsbR+GyL0GRTSCB4BSw=='\n                class='apbct-email-encoder'\n                title='This contact has been encoded by Anti-Spam by CleanTalk. Click to decode. To finish the decoding make sure that JavaScript is enabled in your browser.'>in<span class=\"apbct-blur\">**<\/span>@<span class=\"apbct-blur\">****<\/span>it.com<\/span><\/a> adresinden ileti\u015fime ge\u00e7ebilirsiniz.<\/p>","protected":false},"excerpt":{"rendered":"<p>Reklam ve i\u015f birlikleri i\u00e7in&#8230; Bizimle in**@****it.com adresinden ileti\u015fime ge\u00e7ebilirsiniz.<\/p>","protected":false},"author":1,"featured_media":0,"parent":0,"menu_order":0,"comment_status":"open","ping_status":"open","template":"","meta":{"footnotes":""},"class_list":["post-2539","page","type-page","status-publish","hentry"],"yoast_head":"<!-- This site is optimized with the Yoast SEO plugin v20.5 - https:\/\/yoast.com\/wordpress\/plugins\/seo\/ -->\n<title>Bize Ula\u015f\u0131n - Koddit<\/title>\n<meta name=\"robots\" content=\"index, follow, max-snippet:-1, max-image-preview:large, max-video-preview:-1\" \/>\n<link rel=\"canonical\" href=\"https:\/\/blog.koddit.com\/en\/bize-ulasin\/\" \/>\n<meta property=\"og:locale\" content=\"en_US\" \/>\n<meta property=\"og:type\" content=\"article\" \/>\n<meta property=\"og:title\" content=\"Bize Ula\u015f\u0131n - Koddit\" \/>\n<meta property=\"og:description\" content=\"Reklam ve i\u015f birlikleri i\u00e7in&#8230; Bizimle in**@****it.com adresinden ileti\u015fime ge\u00e7ebilirsiniz.\" \/>\n<meta property=\"og:url\" content=\"https:\/\/blog.koddit.com\/en\/bize-ulasin\/\" \/>\n<meta property=\"og:site_name\" content=\"Koddit\" \/>\n<meta property=\"article:modified_time\" content=\"2025-03-10T08:33:28+00:00\" \/>\n<meta name=\"twitter:card\" content=\"summary_large_image\" \/>\n<meta name=\"twitter:label1\" content=\"Est. reading time\" \/>\n\t<meta name=\"twitter:data1\" content=\"1 minute\" \/>\n<script type=\"application\/ld+json\" class=\"yoast-schema-graph\">{\"@context\":\"https:\/\/schema.org\",\"@graph\":[{\"@type\":\"WebPage\",\"@id\":\"https:\/\/blog.koddit.com\/bize-ulasin\/\",\"url\":\"https:\/\/blog.koddit.com\/bize-ulasin\/\",\"name\":\"Bize Ula\u015f\u0131n - Koddit\",\"isPartOf\":{\"@id\":\"https:\/\/blog.koddit.com\/#website\"},\"datePublished\":\"2015-06-28T16:30:50+00:00\",\"dateModified\":\"2025-03-10T08:33:28+00:00\",\"breadcrumb\":{\"@id\":\"https:\/\/blog.koddit.com\/bize-ulasin\/#breadcrumb\"},\"inLanguage\":\"en-US\",\"potentialAction\":[{\"@type\":\"ReadAction\",\"target\":[\"https:\/\/blog.koddit.com\/bize-ulasin\/\"]}]},{\"@type\":\"BreadcrumbList\",\"@id\":\"https:\/\/blog.koddit.com\/bize-ulasin\/#breadcrumb\",\"itemListElement\":[{\"@type\":\"ListItem\",\"position\":1,\"name\":\"Anasayfa\",\"item\":\"https:\/\/blog.koddit.com\/\"},{\"@type\":\"ListItem\",\"position\":2,\"name\":\"Bize Ula\u015f\u0131n\"}]},{\"@type\":\"WebSite\",\"@id\":\"https:\/\/blog.koddit.com\/#website\",\"url\":\"https:\/\/blog.koddit.com\/\",\"name\":\"Koddit\",\"description\":\"Blog\",\"publisher\":{\"@id\":\"https:\/\/blog.koddit.com\/#organization\"},\"potentialAction\":[{\"@type\":\"SearchAction\",\"target\":{\"@type\":\"EntryPoint\",\"urlTemplate\":\"https:\/\/blog.koddit.com\/?s={search_term_string}\"},\"query-input\":\"required name=search_term_string\"}],\"inLanguage\":\"en-US\"},{\"@type\":\"Organization\",\"@id\":\"https:\/\/blog.koddit.com\/#organization\",\"name\":\"Koddit\",\"url\":\"https:\/\/blog.koddit.com\/\",\"logo\":{\"@type\":\"ImageObject\",\"inLanguage\":\"en-US\",\"@id\":\"https:\/\/blog.koddit.com\/#\/schema\/logo\/image\/\",\"url\":\"https:\/\/blog.koddit.com\/wp-content\/uploads\/2023\/04\/koddit-logo.png\",\"contentUrl\":\"https:\/\/blog.koddit.com\/wp-content\/uploads\/2023\/04\/koddit-logo.png\",\"width\":\"176\",\"height\":\"65\",\"caption\":\"Koddit\"},\"image\":{\"@id\":\"https:\/\/blog.koddit.com\/#\/schema\/logo\/image\/\"}}]}<\/script>\n<!-- \/ Yoast SEO plugin. -->","yoast_head_json":{"title":"Bize Ula\u015f\u0131n - Koddit","robots":{"index":"index","follow":"follow","max-snippet":"max-snippet:-1","max-image-preview":"max-image-preview:large","max-video-preview":"max-video-preview:-1"},"canonical":"https:\/\/blog.koddit.com\/en\/bize-ulasin\/","og_locale":"en_US","og_type":"article","og_title":"Bize Ula\u015f\u0131n - Koddit","og_description":"Reklam ve i\u015f birlikleri i\u00e7in&#8230; Bizimle in**@****it.com adresinden ileti\u015fime ge\u00e7ebilirsiniz.","og_url":"https:\/\/blog.koddit.com\/en\/bize-ulasin\/","og_site_name":"Koddit","article_modified_time":"2025-03-10T08:33:28+00:00","twitter_card":"summary_large_image","twitter_misc":{"Est. reading time":"1 minute"},"schema":{"@context":"https:\/\/schema.org","@graph":[{"@type":"WebPage","@id":"https:\/\/blog.koddit.com\/bize-ulasin\/","url":"https:\/\/blog.koddit.com\/bize-ulasin\/","name":"Bize Ula\u015f\u0131n - Koddit","isPartOf":{"@id":"https:\/\/blog.koddit.com\/#website"},"datePublished":"2015-06-28T16:30:50+00:00","dateModified":"2025-03-10T08:33:28+00:00","breadcrumb":{"@id":"https:\/\/blog.koddit.com\/bize-ulasin\/#breadcrumb"},"inLanguage":"en-US","potentialAction":[{"@type":"ReadAction","target":["https:\/\/blog.koddit.com\/bize-ulasin\/"]}]},{"@type":"BreadcrumbList","@id":"https:\/\/blog.koddit.com\/bize-ulasin\/#breadcrumb","itemListElement":[{"@type":"ListItem","position":1,"name":"Anasayfa","item":"https:\/\/blog.koddit.com\/"},{"@type":"ListItem","position":2,"name":"Bize Ula\u015f\u0131n"}]},{"@type":"WebSite","@id":"https:\/\/blog.koddit.com\/#website","url":"https:\/\/blog.koddit.com\/","name":"Koddit","description":"Blog","publisher":{"@id":"https:\/\/blog.koddit.com\/#organization"},"potentialAction":[{"@type":"SearchAction","target":{"@type":"EntryPoint","urlTemplate":"https:\/\/blog.koddit.com\/?s={search_term_string}"},"query-input":"required name=search_term_string"}],"inLanguage":"en-US"},{"@type":"Organization","@id":"https:\/\/blog.koddit.com\/#organization","name":"Koddit","url":"https:\/\/blog.koddit.com\/","logo":{"@type":"ImageObject","inLanguage":"en-US","@id":"https:\/\/blog.koddit.com\/#\/schema\/logo\/image\/","url":"https:\/\/blog.koddit.com\/wp-content\/uploads\/2023\/04\/koddit-logo.png","contentUrl":"https:\/\/blog.koddit.com\/wp-content\/uploads\/2023\/04\/koddit-logo.png","width":"176","height":"65","caption":"Koddit"},"image":{"@id":"https:\/\/blog.koddit.com\/#\/schema\/logo\/image\/"}}]}},"_links":{"self":[{"href":"https:\/\/blog.koddit.com\/en\/wp-json\/wp\/v2\/pages\/2539"}],"collection":[{"href":"https:\/\/blog.koddit.com\/en\/wp-json\/wp\/v2\/pages"}],"about":[{"href":"https:\/\/blog.koddit.com\/en\/wp-json\/wp\/v2\/types\/page"}],"author":[{"embeddable":true,"href":"https:\/\/blog.koddit.com\/en\/wp-json\/wp\/v2\/users\/1"}],"replies":[{"embeddable":true,"href":"https:\/\/blog.koddit.com\/en\/wp-json\/wp\/v2\/comments?post=2539"}],"version-history":[{"count":6,"href":"https:\/\/blog.koddit.com\/en\/wp-json\/wp\/v2\/pages\/2539\/revisions"}],"predecessor-version":[{"id":3556,"href":"https:\/\/blog.koddit.com\/en\/wp-json\/wp\/v2\/pages\/2539\/revisions\/3556"}],"wp:attachment":[{"href":"https:\/\/blog.koddit.com\/en\/wp-json\/wp\/v2\/media?parent=2539"}],"curies":[{"name":"wp","href":"https:\/\/api.w.org\/{rel}","templated":true}]}}